{"id":363,"date":"2023-08-10T15:21:34","date_gmt":"2023-08-10T15:21:34","guid":{"rendered":"https:\/\/pediatricbrainfoundation.org\/archive\/two-minute-delay-cutting-umbilical-cord-leads-better-developent-newborns-during\/"},"modified":"2023-08-10T15:21:34","modified_gmt":"2023-08-10T15:21:34","slug":"two-minute-delay-cutting-umbilical-cord-leads-better-developent-newborns-during","status":"publish","type":"page","link":"https:\/\/pediatricbrainfoundation.org\/archive\/two-minute-delay-cutting-umbilical-cord-leads-better-developent-newborns-during\/","title":{"rendered":"A two-minute delay in cutting the umbilical cord leads to a better developent of newborns during their first days of life"},"content":{"rendered":"<div class=\"row-fluid\">\n<section class=\"span12\">\n<div class=\"back-link\"><a href=\"https:\/\/pediatricbrainfoundation.org\/archive\/educate\/science-news\/\">\u00ab Back to Scientific News<\/a><\/div>\n<\/section><\/div>\n<div class=\"row-fluid\">\n<section class=\"content-top span12\">\n      <a id=\"main-content\"><\/a><\/p>\n<h1 class=\"page-header\">A two-minute delay in cutting the umbilical cord leads to a better developent of newborns during their first days of life<\/h1>\n<\/section><\/div>\n<div class=\"row-fluid\">\n<section class=\"main-content span9\">\n<section id=\"block-system-main\" class=\"block-system block-page-content clearfix\">\n<div class=\"section-in\">\n<div class=\"section-inn\">\n<div class=\"section-innn\">\n<article id=\"node-6383\" class=\"node node-science-article clearfix\">\n<div class=\"submitted\">\n            <span class=\"created\">Monday, December 8, 2014<\/span>&nbsp;&nbsp;\u00b7&nbsp;&nbsp;Posted by <a href=\"http:\/\/canal.ugr.es\/index.php\/health-science-and-technology\/item\/75142\" target=\"_blank\" rel=\"noopener\">University of Granada<\/a>    <\/div>\n<p>  <!--\nTHIS FILE IS NOT USED AND IS HERE AS A STARTING POINT FOR CUSTOMIZATION ONLY.\nSee http:\/\/api.drupal.org\/api\/function\/theme_field\/7 for details.\nAfter copying this file to your theme's folder and customizing it, remove this\nHTML comment.\n--><\/p>\n<div id=\"field-headline\" class=\"field field-name-field-headline field-type-text-long field-label-hidden\">\n<div class=\"field-items\">\n<div class=\"field-item even\">Late clamping of the umbilical cord increases the anti-oxidant capacity of mature newborns, and the moderation of inflammatory effects in the case of those born from induced labor<\/div>\n<\/p><\/div>\n<\/div>\n<p><!--\nTHIS FILE IS NOT USED AND IS HERE AS A STARTING POINT FOR CUSTOMIZATION ONLY.\nSee http:\/\/api.drupal.org\/api\/function\/theme_field\/7 for details.\nAfter copying this file to your theme's folder and customizing it, remove this\nHTML comment.\n--><\/p>\n<div id=\"body\" class=\"field field-name-body field-type-text-with-summary field-label-hidden prose\">\n<div class=\"field-items\">\n<div class=\"field-item even\">\n<p class=\"tkgyxz44ddvou8s4e\">\n<p class=\"tkgyxz44ddvou8s4e\">A study conducted by University of Granada scientists (from the Physiology, Obstetrics and Gynaecology Departments) and from the San Cecilio Clinical Hospital (Granada) has demonstrated that delaying the cutting of the umbilical cord in newborns by two minutes leads to a better development of the baby during the first days of life.<\/p>\n<p class=\"tkgyxz44ddvou8s4e\">This multidisciplinary work, published in the prestigious journal Pediatrics reveals that the time in cutting the umbilical cord (also called umbilical cord clampling) influences the resistance to oxidative stress in newborns.<\/p>\n<p class=\"tkgyxz44ddvou8s4e\">For this research, scientists worked with a group of 64 healthy pregnant women who went into labour in the San Cecilio Clinical Hospital in Granada. They all had a normal pregnancy and spontaneous vaginal delivery. Half of the newborns had their umbilical cord cut 10 seconds after delivery, whereas the other half had it cut after two minutes.\u00a0<\/p>\n<p class=\"tkgyxz44ddvou8s4e\">Beneficial effect<\/p>\n<p class=\"tkgyxz44ddvou8s4e\">The results of this research suggest that there are beneficial effects in the late clampling of the umbilical cord: there was an increase in the antioxidant capacity of mature newborns and there was moderation of inflammatory effects in the case of induced delivery.<\/p>\n<p class=\"tkgyxz44ddvou8s4e\">According to the PI in this project, University of Granada professor Julio Jos\u00e9 Ochoa Herrera, umbilical cord clamping is one of the most frequent surgical interventions practiced upon humans, and we have had proof of such practice for centuries. However, the right timing for clamping is controversial, and it involves important differences both for the mother and for the newborn.<\/p>\n<p class=\"tkgyxz44ddvou8s4e\">This research led by the University of Granada compares for the first time the impact of the moment of clamping upon the oxidative stress and the inflammatory signal produced during delivery in both the mother and the newborn. \u201cOur study demonstrates that late clamping of the umbilical cord has a beneficial effect upon the antioxidant capacity and reduces the inflammatory signal induced during labour, which could improve the development of the newborn during his or her first days of life\u201d, Ochoa concluded.<\/p>\n<p class=\"tkgyxz44ddvou8s4e\">The authors of this publication include the following faculty from the University of Granada: Julio Jos\u00e9 Ochoa Herrera, senior lecturer in Physiology (Research group CTS-627, Physiology and Biochemistry of Oxidative Stress) Jes\u00fas Florido Nav\u00edo, senior lecturer in Obstetrics and Gynaecology (Group CTS-515: Advanced Aspects of Clinical Services for Women); Javier D\u00edaz Castro, senior lecturer in Physiology (Group AGR-206: Food, Nutrition, and Absorption)<\/p>\n<p class=\"tkgyxz44ddvou8s4e\">Bibliography:<\/p>\n<p class=\"tkgyxz44ddvou8s4e\">The Timing of Cord Clamping and Oxidative Stress in Term Newborns<\/p>\n<p class=\"tkgyxz44ddvou8s4e\">Javier D\u00edaz-Castro, Jes\u00fas Florido, Naroa Kajarabille, Mar\u00eda Garrido-S\u00e1nchez, Carmen Padilla, Catalina de Paco, Luis Navarrete and Julio J. Ochoa. Pediatrics 2014;134;257; DOI: 10.1542\/peds.2013-3798<\/p>\n<p><br class=\"tkgyxz44ddvou8s4e\"\/><\/div>\n<\/p><\/div>\n<\/div>\n<p>      <!--\nTHIS FILE IS NOT USED AND IS HERE AS A STARTING POINT FOR CUSTOMIZATION ONLY.\nSee http:\/\/api.drupal.org\/api\/function\/theme_field\/7 for details.\nAfter copying this file to your theme's folder and customizing it, remove this\nHTML comment.\n--><\/p>\n<div id=\"field-tags\" class=\"field field-name-field-tags field-type-taxonomy-term-reference field-label-hidden\">\n<div class=\"field-items\">\n<div class=\"field-item even\"><a href=\"https:\/\/pediatricbrainfoundation.org\/archive\">umbilical cord<\/a><\/div>\n<div class=\"field-item odd\"><a href=\"https:\/\/pediatricbrainfoundation.org\/archive\">multidisciplinary work<\/a><\/div>\n<div class=\"field-item even\"><a href=\"https:\/\/pediatricbrainfoundation.org\/archive\/tags\/collaboration\/\">collaboration<\/a><\/div>\n<div class=\"field-item odd\"><a href=\"https:\/\/pediatricbrainfoundation.org\/archive\">umbilical cord clampling<\/a><\/div>\n<div class=\"field-item even\"><a href=\"https:\/\/pediatricbrainfoundation.org\/archive\">antioxidant capacity<\/a><\/div>\n<div class=\"field-item odd\"><a href=\"https:\/\/pediatricbrainfoundation.org\/archive\">oxidative stress<\/a><\/div>\n<\/p><\/div>\n<\/div>\n<ul id=\"pager-links\" class=\"row-fluid\">\n<li id=\"prev-link\" class=\"span6\"><a href=\"https:\/\/pediatricbrainfoundation.org\/archive\/educate\/science-news\/scientists-discover-children-s-cells-living-mothers-brains\/\" rel=\"prev\"><span class=\"title\">\u00ab Previous Post<\/span><span class=\"text\">Scientists Discover Children\u2019s Cells Living in Mothers\u2019 Brains<\/span><\/a><\/li>\n<li id=\"next-link\" class=\"span6\"><a href=\"https:\/\/pediatricbrainfoundation.org\/archive\/educate\/science-news\/new-tgen-test-uses-unique-genetics-women-uncover-neurologic-disorders\/\" rel=\"next\"><span class=\"title\">Next Post \u00bb<\/span><span class=\"text\">New TGen test uses the unique genetics of women to uncover neurologic disorders<\/span><\/a><\/li>\n<\/ul>\n<\/article>\n<p> <!-- \/.node -->\n<\/div>\n<\/div>\n<\/div>\n<\/section>\n<p> <!-- \/.block --><br \/>\n      <\/section>\n<aside class=\"span3 hidden-phone\" role=\"complementary\">\n<div class=\"region region-sidebar-second\">\n<section id=\"block-views-tags-block-1\" class=\"block block-views clearfix\">\n<div class=\"section-in\">\n<div class=\"section-inn\">\n<div class=\"section-innn\">\n<h4 class=\"block-title clearfix\">Top Science Tags<\/h4>\n<div class=\"view view-tags view-id-tags view-display-id-block_1 view-dom-id-ea7e2cd5db48a0433b4cf7fe88b08351\">\n<div class=\"view-content\">\n<div class=\"item-list\">\n<ul class=\"views-summary\">\n<li><a href=\"https:\/\/pediatricbrainfoundation.org\/archive\/educate\/science-news\/tag\/autism\/\">autism<\/a>\n          <\/li>\n<li><a href=\"https:\/\/pediatricbrainfoundation.org\/archive\/educate\/science-news\/tag\/autism-spectrum-disorders\/\">Autism Spectrum Disorders<\/a>\n          <\/li>\n<li><a href=\"https:\/\/pediatricbrainfoundation.org\/archive\/educate\/science-news\/tag\/epilepsy\/\">epilepsy<\/a>\n          <\/li>\n<li><a href=\"https:\/\/pediatricbrainfoundation.org\/archive\/educate\/science-news\/tag\/collaboration\/\">collaboration<\/a>\n          <\/li>\n<li><a href=\"https:\/\/pediatricbrainfoundation.org\/archive\/educate\/science-news\/tag\/neurons\/\">neurons<\/a>\n          <\/li>\n<li><a href=\"https:\/\/pediatricbrainfoundation.org\/archive\/educate\/science-news\/tag\/protein\/\">protein<\/a>\n          <\/li>\n<li><a href=\"https:\/\/pediatricbrainfoundation.org\/archive\/educate\/science-news\/tag\/traumatic-brain-injury\/\">traumatic brain injury<\/a>\n          <\/li>\n<li><a href=\"https:\/\/pediatricbrainfoundation.org\/archive\/educate\/science-news\/tag\/asd\/\">ASD<\/a>\n          <\/li>\n<li><a href=\"https:\/\/pediatricbrainfoundation.org\/archive\/educate\/science-news\/tag\/intellectual-disability\/\">intellectual disability<\/a>\n          <\/li>\n<li><a href=\"https:\/\/pediatricbrainfoundation.org\/archive\/educate\/science-news\/tag\/tbi\/\">TBI<\/a>\n          <\/li>\n<\/ul>\n<\/div><\/div>\n<\/div>\n<\/div>\n<\/div>\n<\/div>\n<\/section>\n<p> <!-- \/.block --><\/p>\n<section id=\"block-views-recent-content-block-1\" class=\"block block-views clearfix\">\n<div class=\"section-in\">\n<div class=\"section-inn\">\n<div class=\"section-innn\">\n<h4 class=\"block-title clearfix\">Most Recent Articles<\/h4>\n<div class=\"view view-recent-content view-id-recent_content view-display-id-block_1 view-dom-id-c6c48c5e027f6003020d054d31faf089\">\n<div class=\"view-content\">\n<div class=\"item-list\">\n<ul>\n<li class=\"views-row views-row-1 views-row-odd views-row-first\">\n<div class=\"views-field views-field-title\">        <span class=\"field-content\"><a href=\"https:\/\/pediatricbrainfoundation.org\/archive\/educate\/science-news\/brain-imaging-links-language-delay-chromosome-deletion-children-neuro-disorders\/\">Brain imaging links language delay to chromosome deletion in children with neuro disorders<\/a><\/span>  <\/div>\n<\/li>\n<li class=\"views-row views-row-2 views-row-even\">\n<div class=\"views-field views-field-title\">        <span class=\"field-content\"><a href=\"https:\/\/pediatricbrainfoundation.org\/archive\/educate\/science-news\/first-year\/\">The First Year<\/a><\/span>  <\/div>\n<\/li>\n<li class=\"views-row views-row-3 views-row-odd\">\n<div class=\"views-field views-field-title\">        <span class=\"field-content\"><a href=\"https:\/\/pediatricbrainfoundation.org\/archive\/educate\/science-news\/tackling-neurotransmission-precision\/\">Tackling Neurotransmission Precision<\/a><\/span>  <\/div>\n<\/li>\n<li class=\"views-row views-row-4 views-row-even\">\n<div class=\"views-field views-field-title\">        <span class=\"field-content\"><a href=\"https:\/\/pediatricbrainfoundation.org\/archive\/educate\/science-news\/microexons-small-fragments-genes-essential-neurone-maturation\/\">Microexons: Small fragments of genes, essential for neurone maturation<\/a><\/span>  <\/div>\n<\/li>\n<li class=\"views-row views-row-5 views-row-odd views-row-last\">\n<div class=\"views-field views-field-title\">        <span class=\"field-content\"><a href=\"https:\/\/pediatricbrainfoundation.org\/archive\/educate\/science-news\/master-regulator-gene-long-tied-autism-disorders-stimulates-other-genes-early\/\">&#8216;Master regulator&#8217; gene &#8212; long tied to autism disorders &#8212; stimulates other genes in early brain development<\/a><\/span>  <\/div>\n<\/li>\n<\/ul>\n<\/div><\/div>\n<\/div>\n<\/div>\n<\/div>\n<\/div>\n<\/section>\n<p> <!-- \/.block -->\n  <\/div>\n<\/aside>\n<p>  <!-- \/#sidebar-second -->\n  <\/div>\n","protected":false,"raw":""},"excerpt":{"rendered":"<p>\u00ab Back to Scientific News A two-minute delay in [&hellip;]<\/p>\n","protected":false},"author":0,"featured_media":0,"parent":0,"menu_order":0,"comment_status":"closed","ping_status":"closed","template":"template_2.php","meta":{"footnotes":""},"class_list":["post-363","page","type-page","status-publish","hentry"],"yoast_head":"<!-- This site is optimized with the Yoast SEO plugin v18.6 - https:\/\/yoast.com\/wordpress\/plugins\/seo\/ -->\n<title>A two-minute delay in cutting the umbilical cord leads to a better developent of newborns during their first days of life | Pediatric Brain Foundation<\/title>\n<meta name=\"description\" content=\"A study conducted by University of Granada scientists (from the Physiology, Obstetrics and Gynaecology Departments) and from the San Cecilio Clinical Hospital (Granada) has demonstrated that delaying the cutting of the umbilical cord in newborns by two minutes leads to a better development of the baby during the first days of life.This multidisciplinary work, published in the\" \/>\n<meta name=\"robots\" content=\"index, follow, max-snippet:-1, max-image-preview:large, max-video-preview:-1\" \/>\n<link rel=\"canonical\" href=\"https:\/\/pediatricbrainfoundation.org\/archive\/two-minute-delay-cutting-umbilical-cord-leads-better-developent-newborns-during\/\" \/>\n<meta property=\"og:type\" content=\"article\" \/>\n<meta property=\"og:title\" content=\"A two-minute delay in cutting the umbilical cord leads to a better developent of newborns during their first days of life | Pediatric Brain Foundation\" \/>\n<meta property=\"og:description\" content=\"A study conducted by University of Granada scientists (from the Physiology, Obstetrics and Gynaecology Departments) and from the San Cecilio Clinical Hospital (Granada) has demonstrated that delaying the cutting of the umbilical cord in newborns by two minutes leads to a better development of the baby during the first days of life.This multidisciplinary work, published in the\" \/>\n<meta property=\"og:url\" content=\"https:\/\/pediatricbrainfoundation.org\/archive\/two-minute-delay-cutting-umbilical-cord-leads-better-developent-newborns-during\/\" \/>\n<meta property=\"og:site_name\" content=\"Neurological Disorders\" \/>\n<meta name=\"twitter:card\" content=\"summary_large_image\" \/>\n<meta name=\"twitter:label1\" content=\"Est. reading time\" \/>\n\t<meta name=\"twitter:data1\" content=\"3 minutes\" \/>\n<!-- \/ Yoast SEO plugin. -->","yoast_head_json":{"title":"A two-minute delay in cutting the umbilical cord leads to a better developent of newborns during their first days of life | Pediatric Brain Foundation","description":"A study conducted by University of Granada scientists (from the Physiology, Obstetrics and Gynaecology Departments) and from the San Cecilio Clinical Hospital (Granada) has demonstrated that delaying the cutting of the umbilical cord in newborns by two minutes leads to a better development of the baby during the first days of life.This multidisciplinary work, published in the","robots":{"index":"index","follow":"follow","max-snippet":"max-snippet:-1","max-image-preview":"max-image-preview:large","max-video-preview":"max-video-preview:-1"},"canonical":"https:\/\/pediatricbrainfoundation.org\/archive\/two-minute-delay-cutting-umbilical-cord-leads-better-developent-newborns-during\/","og_type":"article","og_title":"A two-minute delay in cutting the umbilical cord leads to a better developent of newborns during their first days of life | Pediatric Brain Foundation","og_description":"A study conducted by University of Granada scientists (from the Physiology, Obstetrics and Gynaecology Departments) and from the San Cecilio Clinical Hospital (Granada) has demonstrated that delaying the cutting of the umbilical cord in newborns by two minutes leads to a better development of the baby during the first days of life.This multidisciplinary work, published in the","og_url":"https:\/\/pediatricbrainfoundation.org\/archive\/two-minute-delay-cutting-umbilical-cord-leads-better-developent-newborns-during\/","og_site_name":"Neurological Disorders","twitter_card":"summary_large_image","twitter_misc":{"Est. reading time":"3 minutes"}},"_links":{"self":[{"href":"https:\/\/pediatricbrainfoundation.org\/archive\/wp-json\/wp\/v2\/pages\/363","targetHints":{"allow":["GET"]}}],"collection":[{"href":"https:\/\/pediatricbrainfoundation.org\/archive\/wp-json\/wp\/v2\/pages"}],"about":[{"href":"https:\/\/pediatricbrainfoundation.org\/archive\/wp-json\/wp\/v2\/types\/page"}],"replies":[{"embeddable":true,"href":"https:\/\/pediatricbrainfoundation.org\/archive\/wp-json\/wp\/v2\/comments?post=363"}],"version-history":[{"count":0,"href":"https:\/\/pediatricbrainfoundation.org\/archive\/wp-json\/wp\/v2\/pages\/363\/revisions"}],"wp:attachment":[{"href":"https:\/\/pediatricbrainfoundation.org\/archive\/wp-json\/wp\/v2\/media?parent=363"}],"curies":[{"name":"wp","href":"https:\/\/api.w.org\/{rel}","templated":true}]}}