{"id":341,"date":"2023-08-10T15:21:29","date_gmt":"2023-08-10T15:21:29","guid":{"rendered":"https:\/\/pediatricbrainfoundation.org\/archive\/study-shows-autistic-brains-create-more-information-rest\/"},"modified":"2023-08-10T15:21:29","modified_gmt":"2023-08-10T15:21:29","slug":"study-shows-autistic-brains-create-more-information-rest","status":"publish","type":"page","link":"https:\/\/pediatricbrainfoundation.org\/archive\/study-shows-autistic-brains-create-more-information-rest\/","title":{"rendered":"Study Shows Autistic Brains Create More Information at Rest"},"content":{"rendered":"<div class=\"row-fluid\">\n<section class=\"span12\">\n<div class=\"back-link\"><a href=\"https:\/\/pediatricbrainfoundation.org\/archive\/educate\/science-news\/\">\u00ab Back to Scientific News<\/a><\/div>\n<\/section><\/div>\n<div class=\"row-fluid\">\n<section class=\"content-top span12\">\n      <a id=\"main-content\"><\/a><\/p>\n<h1 class=\"page-header\">Study Shows Autistic Brains Create More Information at Rest<\/h1>\n<\/section><\/div>\n<div class=\"row-fluid\">\n<section class=\"main-content span9\">\n<section id=\"block-system-main\" class=\"block-system block-page-content clearfix\">\n<div class=\"section-in\">\n<div class=\"section-inn\">\n<div class=\"section-innn\">\n<article id=\"node-6060\" class=\"node node-science-article clearfix\">\n<div class=\"submitted\">\n            <span class=\"created\">Friday, January 31, 2014<\/span>&nbsp;&nbsp;\u00b7&nbsp;&nbsp;Posted by <a href=\"http:\/\/casemed.case.edu\/newscenter\/news-release\/newsrelease.cfm?news_id=200\" target=\"_blank\" rel=\"noopener\">Case Western Reserve University <\/a>    <\/div>\n<p>  <!--\nTHIS FILE IS NOT USED AND IS HERE AS A STARTING POINT FOR CUSTOMIZATION ONLY.\nSee http:\/\/api.drupal.org\/api\/function\/theme_field\/7 for details.\nAfter copying this file to your theme's folder and customizing it, remove this\nHTML comment.\n--><\/p>\n<div id=\"field-headline\" class=\"field field-name-field-headline field-type-text-long field-label-hidden\">\n<div class=\"field-items\">\n<div class=\"field-item even\">Possible explanation for &quot;withdrawal into self,&quot; a characteristic of the disorder<\/div>\n<\/p><\/div>\n<\/div>\n<p><!--\nTHIS FILE IS NOT USED AND IS HERE AS A STARTING POINT FOR CUSTOMIZATION ONLY.\nSee http:\/\/api.drupal.org\/api\/function\/theme_field\/7 for details.\nAfter copying this file to your theme's folder and customizing it, remove this\nHTML comment.\n--><\/p>\n<div id=\"body\" class=\"field field-name-body field-type-text-with-summary field-label-hidden prose\">\n<div class=\"field-items\">\n<div class=\"field-item even\">\n<p class=\"tkgyxz44ddvou8s4e\">\n<p class=\"tkgyxz44ddvou8s4e\">New research from Case Western Reserve University and University of Toronto neuroscientists finds that the brains of autistic children generate more information at rest \u2013 a 42% increase on average. The study offers a scientific explanation for the most typical characteristic of autism \u2013 withdrawal into one\u2019s own inner world. The excess production of information may explain a child\u2019s detachment from their environment.<\/p>\n<p class=\"tkgyxz44ddvou8s4e\">Published at the end of December in Frontiers in Neuroinformatics, this study is a follow-up to the authors\u2019 prior finding that brain connections are different in autistic children. This paper determined that the differences account for the increased complexity within their brains.<\/p>\n<p class=\"tkgyxz44ddvou8s4e\">\u201cOur results suggest that autistic children are not interested in social interactions because their brains generate more information at rest, which we interpret as more introspection in line with early descriptions of the disorder,\u201d said Roberto Fern\u00e1ndez Gal\u00e1n, PhD, senior author and associate professor of neurosciences at Case Western Reserve School of Medicine.<\/p>\n<p class=\"tkgyxz44ddvou8s4e\">The authors quantified information as engineers normally do but instead of applying it to signals in electronic devices, they applied it to brain activity recorded with magnetoencephalography (MEG). They showed that autistic children\u2019s brains at rest generate more information than non-autistic children. This may explain their lack of interest in external stimuli, including interactions with other people.<\/p>\n<p class=\"tkgyxz44ddvou8s4e\">The researchers also quantified interactions between brain regions, i.e., the brain&#8217;s functional connectivity, and determined the inputs to the brain in the resting state allowing them to interpret the children\u2019s introspection level.<\/p>\n<p class=\"tkgyxz44ddvou8s4e\">\u201cThis is a novel interpretation because it is a different attempt to understand the children\u2019s cognition by analyzing their brain activity,\u201d said Jos\u00e9 L. P\u00e9rez Vel\u00e1zquez, PhD, first author and professor of neuroscience at University of Toronto Institute of Medical Science and Department of Pediatrics, Brain and Behavior Center.<\/p>\n<p class=\"tkgyxz44ddvou8s4e\">\u201cMeasuring cognitive processes is not trivial; yet, our findings indicate that this can be done to some extent with well-established mathematical\u00a0tools from physics and engineering.\u201d<\/p>\n<p class=\"tkgyxz44ddvou8s4e\">This study provides quantitative support for the relatively new \u201cIntense World Theory\u201d of autism proposed by neuroscientists Henry and Kamila Markram of the Brain Mind Institute in Switzerland, which describes the disorder as the result of hyper-functioning neural circuitry, leading to a state of over-arousal. More generally, the work of Gal\u00e1n and P\u00e9rez Vel\u00e1zquez is an initial step in the investigation of how information generation in the brain relates to cognitive\/psychological traits and will begin to frame neurophysiological data into psychological aspects. The team now aims to apply a similar approach to patients with schizophrenia.<\/p>\n<\/div><\/div>\n<\/div>\n<p>      <!--\nTHIS FILE IS NOT USED AND IS HERE AS A STARTING POINT FOR CUSTOMIZATION ONLY.\nSee http:\/\/api.drupal.org\/api\/function\/theme_field\/7 for details.\nAfter copying this file to your theme's folder and customizing it, remove this\nHTML comment.\n--><\/p>\n<div id=\"field-tags\" class=\"field field-name-field-tags field-type-taxonomy-term-reference field-label-hidden\">\n<div class=\"field-items\">\n<div class=\"field-item even\"><a href=\"https:\/\/pediatricbrainfoundation.org\/archive\/tags\/collaboration\/\">collaboration<\/a><\/div>\n<div class=\"field-item odd\"><a href=\"https:\/\/pediatricbrainfoundation.org\/archive\/tags\/autism\/\">autism<\/a><\/div>\n<div class=\"field-item even\"><a href=\"https:\/\/pediatricbrainfoundation.org\/archive\/tags\/autism-spectrum-disorders\/\">Autism Spectrum Disorders<\/a><\/div>\n<div class=\"field-item odd\"><a href=\"https:\/\/pediatricbrainfoundation.org\/archive\">rest<\/a><\/div>\n<div class=\"field-item even\"><a href=\"https:\/\/pediatricbrainfoundation.org\/archive\">magnetoencephalography<\/a><\/div>\n<div class=\"field-item odd\"><a href=\"https:\/\/pediatricbrainfoundation.org\/archive\">MEG<\/a><\/div>\n<div class=\"field-item even\"><a href=\"https:\/\/pediatricbrainfoundation.org\/archive\">external stimuli<\/a><\/div>\n<div class=\"field-item odd\"><a href=\"https:\/\/pediatricbrainfoundation.org\/archive\">hyper-functioning neural circuitry<\/a><\/div>\n<\/p><\/div>\n<\/div>\n<ul id=\"pager-links\" class=\"row-fluid\">\n<li id=\"prev-link\" class=\"span6\"><a href=\"https:\/\/pediatricbrainfoundation.org\/archive\/educate\/science-news\/johns-hopkins-animal-study-reveals-sex-specific-patterns-recovery-newborn-brain\/\" rel=\"prev\"><span class=\"title\">\u00ab Previous Post<\/span><span class=\"text\">Johns Hopkins animal study reveals sex-specific patterns of recovery from newborn brain injury <\/span><\/a><\/li>\n<li id=\"next-link\" class=\"span6\"><a href=\"https:\/\/pediatricbrainfoundation.org\/archive\" rel=\"next\"><span class=\"title\">Next Post \u00bb<\/span><span class=\"text\">\u2018On\u2019 switches for cells <\/span><\/a><\/li>\n<\/ul>\n<\/article>\n<p> <!-- \/.node -->\n<\/div>\n<\/div>\n<\/div>\n<\/section>\n<p> <!-- \/.block --><br \/>\n      <\/section>\n<aside class=\"span3 hidden-phone\" role=\"complementary\">\n<div class=\"region region-sidebar-second\">\n<section id=\"block-views-related-content-block-3\" class=\"block block-views clearfix\">\n<div class=\"section-in\">\n<div class=\"section-inn\">\n<div class=\"section-innn\">\n<h4 class=\"block-title clearfix\">Related Disorders<\/h4>\n<div class=\"view view-related-content view-id-related_content view-display-id-block_3 view-dom-id-0828d38b414425df9e5f256e5d684482\">\n<div class=\"view-content\">\n<div class=\"item-list\">\n<ul>\n<li class=\"views-row views-row-1 views-row-odd views-row-first views-row-last\">\n<div class=\"views-field views-field-title\">        <span class=\"field-content\"><a href=\"https:\/\/pediatricbrainfoundation.org\/archive\/educate\/disorder\/autism\/\">Autism<\/a><\/span>  <\/div>\n<\/li>\n<\/ul>\n<\/div><\/div>\n<\/div>\n<\/div>\n<\/div>\n<\/div>\n<\/section>\n<p> <!-- \/.block --><\/p>\n<section id=\"block-views-tags-block-1\" class=\"block block-views clearfix\">\n<div class=\"section-in\">\n<div class=\"section-inn\">\n<div class=\"section-innn\">\n<h4 class=\"block-title clearfix\">Top Science Tags<\/h4>\n<div class=\"view view-tags view-id-tags view-display-id-block_1 view-dom-id-519bc85bd248c24e4b2f3d3d4688dd49\">\n<div class=\"view-content\">\n<div class=\"item-list\">\n<ul class=\"views-summary\">\n<li><a href=\"https:\/\/pediatricbrainfoundation.org\/archive\/educate\/science-news\/tag\/autism\/\">autism<\/a>\n          <\/li>\n<li><a href=\"https:\/\/pediatricbrainfoundation.org\/archive\/educate\/science-news\/tag\/autism-spectrum-disorders\/\">Autism Spectrum Disorders<\/a>\n          <\/li>\n<li><a href=\"https:\/\/pediatricbrainfoundation.org\/archive\/educate\/science-news\/tag\/epilepsy\/\">epilepsy<\/a>\n          <\/li>\n<li><a href=\"https:\/\/pediatricbrainfoundation.org\/archive\/educate\/science-news\/tag\/collaboration\/\">collaboration<\/a>\n          <\/li>\n<li><a href=\"https:\/\/pediatricbrainfoundation.org\/archive\/educate\/science-news\/tag\/neurons\/\">neurons<\/a>\n          <\/li>\n<li><a href=\"https:\/\/pediatricbrainfoundation.org\/archive\/educate\/science-news\/tag\/protein\/\">protein<\/a>\n          <\/li>\n<li><a href=\"https:\/\/pediatricbrainfoundation.org\/archive\/educate\/science-news\/tag\/asd\/\">ASD<\/a>\n          <\/li>\n<li><a href=\"https:\/\/pediatricbrainfoundation.org\/archive\/educate\/science-news\/tag\/traumatic-brain-injury\/\">traumatic brain injury<\/a>\n          <\/li>\n<li><a href=\"https:\/\/pediatricbrainfoundation.org\/archive\/educate\/science-news\/tag\/intellectual-disability\/\">intellectual disability<\/a>\n          <\/li>\n<li><a href=\"https:\/\/pediatricbrainfoundation.org\/archive\/educate\/science-news\/tag\/tbi\/\">TBI<\/a>\n          <\/li>\n<\/ul>\n<\/div><\/div>\n<\/div>\n<\/div>\n<\/div>\n<\/div>\n<\/section>\n<p> <!-- \/.block --><\/p>\n<section id=\"block-views-recent-content-block-1\" class=\"block block-views clearfix\">\n<div class=\"section-in\">\n<div class=\"section-inn\">\n<div class=\"section-innn\">\n<h4 class=\"block-title clearfix\">Most Recent Articles<\/h4>\n<div class=\"view view-recent-content view-id-recent_content view-display-id-block_1 view-dom-id-460af37361003427b17b2c8bf2c36f32\">\n<div class=\"view-content\">\n<div class=\"item-list\">\n<ul>\n<li class=\"views-row views-row-1 views-row-odd views-row-first\">\n<div class=\"views-field views-field-title\">        <span class=\"field-content\"><a href=\"https:\/\/pediatricbrainfoundation.org\/archive\/educate\/science-news\/brain-imaging-links-language-delay-chromosome-deletion-children-neuro-disorders\/\">Brain imaging links language delay to chromosome deletion in children with neuro disorders<\/a><\/span>  <\/div>\n<\/li>\n<li class=\"views-row views-row-2 views-row-even\">\n<div class=\"views-field views-field-title\">        <span class=\"field-content\"><a href=\"https:\/\/pediatricbrainfoundation.org\/archive\/educate\/science-news\/first-year\/\">The First Year<\/a><\/span>  <\/div>\n<\/li>\n<li class=\"views-row views-row-3 views-row-odd\">\n<div class=\"views-field views-field-title\">        <span class=\"field-content\"><a href=\"https:\/\/pediatricbrainfoundation.org\/archive\/educate\/science-news\/tackling-neurotransmission-precision\/\">Tackling Neurotransmission Precision<\/a><\/span>  <\/div>\n<\/li>\n<li class=\"views-row views-row-4 views-row-even\">\n<div class=\"views-field views-field-title\">        <span class=\"field-content\"><a href=\"https:\/\/pediatricbrainfoundation.org\/archive\/educate\/science-news\/microexons-small-fragments-genes-essential-neurone-maturation\/\">Microexons: Small fragments of genes, essential for neurone maturation<\/a><\/span>  <\/div>\n<\/li>\n<li class=\"views-row views-row-5 views-row-odd views-row-last\">\n<div class=\"views-field views-field-title\">        <span class=\"field-content\"><a href=\"https:\/\/pediatricbrainfoundation.org\/archive\/educate\/science-news\/master-regulator-gene-long-tied-autism-disorders-stimulates-other-genes-early\/\">&#8216;Master regulator&#8217; gene &#8212; long tied to autism disorders &#8212; stimulates other genes in early brain development<\/a><\/span>  <\/div>\n<\/li>\n<\/ul>\n<\/div><\/div>\n<\/div>\n<\/div>\n<\/div>\n<\/div>\n<\/section>\n<p> <!-- \/.block -->\n  <\/div>\n<\/aside>\n<p>  <!-- \/#sidebar-second -->\n  <\/div>\n","protected":false,"raw":""},"excerpt":{"rendered":"<p>\u00ab Back to Scientific News Study Shows Autistic Brains [&hellip;]<\/p>\n","protected":false},"author":0,"featured_media":0,"parent":0,"menu_order":0,"comment_status":"closed","ping_status":"closed","template":"template_2.php","meta":{"footnotes":""},"class_list":["post-341","page","type-page","status-publish","hentry"],"yoast_head":"<!-- This site is optimized with the Yoast SEO plugin v18.6 - https:\/\/yoast.com\/wordpress\/plugins\/seo\/ -->\n<title>Study Shows Autistic Brains Create More Information at Rest | Pediatric Brain Foundation<\/title>\n<meta name=\"description\" content=\"Children&#039;s Neurobiological Solutions-Dedicated to Accelerating Medical Research for Pediatric Brain Repair and Regeneration. Providing the most comprehensive site available for the discussion of medical and physical therapies for the treatment of brain injured children for parents and physicians.\" \/>\n<meta name=\"robots\" content=\"index, follow, max-snippet:-1, max-image-preview:large, max-video-preview:-1\" \/>\n<link rel=\"canonical\" href=\"https:\/\/pediatricbrainfoundation.org\/archive\/study-shows-autistic-brains-create-more-information-rest\/\" \/>\n<meta property=\"og:type\" content=\"article\" \/>\n<meta property=\"og:title\" content=\"Study Shows Autistic Brains Create More Information at Rest | Pediatric Brain Foundation\" \/>\n<meta property=\"og:description\" content=\"Children&#039;s Neurobiological Solutions-Dedicated to Accelerating Medical Research for Pediatric Brain Repair and Regeneration. Providing the most comprehensive site available for the discussion of medical and physical therapies for the treatment of brain injured children for parents and physicians.\" \/>\n<meta property=\"og:url\" content=\"https:\/\/pediatricbrainfoundation.org\/archive\/study-shows-autistic-brains-create-more-information-rest\/\" \/>\n<meta property=\"og:site_name\" content=\"Neurological Disorders\" \/>\n<meta name=\"twitter:card\" content=\"summary_large_image\" \/>\n<meta name=\"twitter:label1\" content=\"Est. reading time\" \/>\n\t<meta name=\"twitter:data1\" content=\"3 minutes\" \/>\n<!-- \/ Yoast SEO plugin. -->","yoast_head_json":{"title":"Study Shows Autistic Brains Create More Information at Rest | Pediatric Brain Foundation","description":"Children's Neurobiological Solutions-Dedicated to Accelerating Medical Research for Pediatric Brain Repair and Regeneration. Providing the most comprehensive site available for the discussion of medical and physical therapies for the treatment of brain injured children for parents and physicians.","robots":{"index":"index","follow":"follow","max-snippet":"max-snippet:-1","max-image-preview":"max-image-preview:large","max-video-preview":"max-video-preview:-1"},"canonical":"https:\/\/pediatricbrainfoundation.org\/archive\/study-shows-autistic-brains-create-more-information-rest\/","og_type":"article","og_title":"Study Shows Autistic Brains Create More Information at Rest | Pediatric Brain Foundation","og_description":"Children's Neurobiological Solutions-Dedicated to Accelerating Medical Research for Pediatric Brain Repair and Regeneration. Providing the most comprehensive site available for the discussion of medical and physical therapies for the treatment of brain injured children for parents and physicians.","og_url":"https:\/\/pediatricbrainfoundation.org\/archive\/study-shows-autistic-brains-create-more-information-rest\/","og_site_name":"Neurological Disorders","twitter_card":"summary_large_image","twitter_misc":{"Est. reading time":"3 minutes"}},"_links":{"self":[{"href":"https:\/\/pediatricbrainfoundation.org\/archive\/wp-json\/wp\/v2\/pages\/341","targetHints":{"allow":["GET"]}}],"collection":[{"href":"https:\/\/pediatricbrainfoundation.org\/archive\/wp-json\/wp\/v2\/pages"}],"about":[{"href":"https:\/\/pediatricbrainfoundation.org\/archive\/wp-json\/wp\/v2\/types\/page"}],"replies":[{"embeddable":true,"href":"https:\/\/pediatricbrainfoundation.org\/archive\/wp-json\/wp\/v2\/comments?post=341"}],"version-history":[{"count":0,"href":"https:\/\/pediatricbrainfoundation.org\/archive\/wp-json\/wp\/v2\/pages\/341\/revisions"}],"wp:attachment":[{"href":"https:\/\/pediatricbrainfoundation.org\/archive\/wp-json\/wp\/v2\/media?parent=341"}],"curies":[{"name":"wp","href":"https:\/\/api.w.org\/{rel}","templated":true}]}}